{"id":4466,"date":"2024-08-07T19:44:42","date_gmt":"2024-08-07T19:44:42","guid":{"rendered":"https:\/\/pytvending.cl\/?page_id=4466"},"modified":"2024-08-22T17:22:10","modified_gmt":"2024-08-22T17:22:10","slug":"quienes-somos","status":"publish","type":"page","link":"https:\/\/pytvending.cl\/index.php\/quienes-somos\/","title":{"rendered":"Quienes Somos"},"content":{"rendered":"\t\t<div data-elementor-type=\"wp-page\" data-elementor-id=\"4466\" class=\"elementor elementor-4466\">\n\t\t\t\t\t\t<section class=\"elementor-section elementor-top-section elementor-element elementor-element-fbcd405 elementor-section-boxed elementor-section-height-default elementor-section-height-default\" data-id=\"fbcd405\" data-element_type=\"section\">\n\t\t\t\t\t\t<div class=\"elementor-container elementor-column-gap-default\">\n\t\t\t\t\t<div class=\"elementor-column elementor-col-50 elementor-top-column elementor-element elementor-element-76947a0\" data-id=\"76947a0\" data-element_type=\"column\">\n\t\t\t<div class=\"elementor-widget-wrap elementor-element-populated\">\n\t\t\t\t\t\t<div class=\"elementor-element elementor-element-9bae02b elementor-widget elementor-widget-heading\" data-id=\"9bae02b\" data-element_type=\"widget\" data-widget_type=\"heading.default\">\n\t\t\t\t<div class=\"elementor-widget-container\">\n\t\t\t\t\t<h3 class=\"elementor-heading-title elementor-size-default\">Nuestro objetivo es que nuestros clientes generen ingresos extra<\/h3>\t\t\t\t<\/div>\n\t\t\t\t<\/div>\n\t\t\t\t<div class=\"elementor-element elementor-element-1e0c8cc elementor-widget elementor-widget-text-editor\" data-id=\"1e0c8cc\" data-element_type=\"widget\" data-widget_type=\"text-editor.default\">\n\t\t\t\t<div class=\"elementor-widget-container\">\n\t\t\t\t\t\t\t\t\t<p>PyT Vending nace el a\u00f1o 2020 con el fin de apoyar a emprendedores, entregando los mejores precios del mercado para que puedan iniciarse en la industria del Vending y Cafeter\u00edas, compartiendo nuestros conocimientos y profesionalismo.<\/p>\t\t\t\t\t\t\t\t<\/div>\n\t\t\t\t<\/div>\n\t\t\t\t<div class=\"elementor-element elementor-element-9b6a6b3 elementor-widget elementor-widget-heading\" data-id=\"9b6a6b3\" data-element_type=\"widget\" data-widget_type=\"heading.default\">\n\t\t\t\t<div class=\"elementor-widget-container\">\n\t\t\t\t\t<h4 class=\"elementor-heading-title elementor-size-default\">Nuestros Productos<\/h4>\t\t\t\t<\/div>\n\t\t\t\t<\/div>\n\t\t\t\t<div class=\"elementor-element elementor-element-4153c9b elementor-widget elementor-widget-text-editor\" data-id=\"4153c9b\" data-element_type=\"widget\" data-widget_type=\"text-editor.default\">\n\t\t\t\t<div class=\"elementor-widget-container\">\n\t\t\t\t\t\t\t\t\t<p>Disponemos de una gran variedad de m\u00e1quinas expendedoras italianas de snacks, bebidas y caf\u00e9, insumos, soporte t\u00e9cnico y repuestos originales.<\/p>\t\t\t\t\t\t\t\t<\/div>\n\t\t\t\t<\/div>\n\t\t\t\t\t<\/div>\n\t\t<\/div>\n\t\t\t\t<div class=\"elementor-column elementor-col-50 elementor-top-column elementor-element elementor-element-81d8b30\" data-id=\"81d8b30\" data-element_type=\"column\">\n\t\t\t<div class=\"elementor-widget-wrap elementor-element-populated\">\n\t\t\t\t\t\t<div class=\"elementor-element elementor-element-22886ef elementor-widget elementor-widget-image\" data-id=\"22886ef\" data-element_type=\"widget\" data-widget_type=\"image.default\">\n\t\t\t\t<div class=\"elementor-widget-container\">\n\t\t\t\t\t\t\t\t\t\t\t\t\t\t\t<img fetchpriority=\"high\" decoding=\"async\" width=\"800\" height=\"666\" src=\"https:\/\/pytvending.cl\/wp-content\/uploads\/2024\/08\/IMG_SOMOS-1024x853.jpg\" class=\"attachment-large size-large wp-image-4590\" alt=\"\" srcset=\"https:\/\/pytvending.cl\/wp-content\/uploads\/2024\/08\/IMG_SOMOS-1024x853.jpg 1024w, https:\/\/pytvending.cl\/wp-content\/uploads\/2024\/08\/IMG_SOMOS-300x250.jpg 300w, https:\/\/pytvending.cl\/wp-content\/uploads\/2024\/08\/IMG_SOMOS-768x640.jpg 768w, https:\/\/pytvending.cl\/wp-content\/uploads\/2024\/08\/IMG_SOMOS-700x583.jpg 700w, https:\/\/pytvending.cl\/wp-content\/uploads\/2024\/08\/IMG_SOMOS-800x667.jpg 800w, https:\/\/pytvending.cl\/wp-content\/uploads\/2024\/08\/IMG_SOMOS.jpg 1200w\" sizes=\"(max-width: 800px) 100vw, 800px\" \/>\t\t\t\t\t\t\t\t\t\t\t\t\t\t\t<\/div>\n\t\t\t\t<\/div>\n\t\t\t\t\t<\/div>\n\t\t<\/div>\n\t\t\t\t\t<\/div>\n\t\t<\/section>\n\t\t\t\t<\/div>\n\t\t","protected":false},"excerpt":{"rendered":"<p>Nuestro objetivo es que nuestros clientes generen ingresos extra PyT Vending nace el a\u00f1o 2020 con el fin de apoyar a emprendedores, entregando los mejores precios del mercado para que puedan iniciarse en la industria del Vending y Cafeter\u00edas, compartiendo nuestros conocimientos y profesionalismo. Nuestros Productos Disponemos de una gran variedad de m\u00e1quinas expendedoras italianas [&hellip;]<\/p>\n","protected":false},"author":3,"featured_media":0,"parent":0,"menu_order":0,"comment_status":"closed","ping_status":"closed","template":"","meta":{"footnotes":""},"class_list":["post-4466","page","type-page","status-publish","hentry"],"_links":{"self":[{"href":"https:\/\/pytvending.cl\/index.php\/wp-json\/wp\/v2\/pages\/4466","targetHints":{"allow":["GET"]}}],"collection":[{"href":"https:\/\/pytvending.cl\/index.php\/wp-json\/wp\/v2\/pages"}],"about":[{"href":"https:\/\/pytvending.cl\/index.php\/wp-json\/wp\/v2\/types\/page"}],"author":[{"embeddable":true,"href":"https:\/\/pytvending.cl\/index.php\/wp-json\/wp\/v2\/users\/3"}],"replies":[{"embeddable":true,"href":"https:\/\/pytvending.cl\/index.php\/wp-json\/wp\/v2\/comments?post=4466"}],"version-history":[{"count":19,"href":"https:\/\/pytvending.cl\/index.php\/wp-json\/wp\/v2\/pages\/4466\/revisions"}],"predecessor-version":[{"id":4856,"href":"https:\/\/pytvending.cl\/index.php\/wp-json\/wp\/v2\/pages\/4466\/revisions\/4856"}],"wp:attachment":[{"href":"https:\/\/pytvending.cl\/index.php\/wp-json\/wp\/v2\/media?parent=4466"}],"curies":[{"name":"wp","href":"https:\/\/api.w.org\/{rel}","templated":true}]}}